{"id":57,"date":"2020-02-27T14:03:40","date_gmt":"2020-02-27T14:03:40","guid":{"rendered":"https:\/\/www.rozwojlokalny.pl\/?page_id=57"},"modified":"2020-02-27T14:04:17","modified_gmt":"2020-02-27T14:04:17","slug":"o-fundacji","status":"publish","type":"page","link":"https:\/\/www.rozwojlokalny.pl\/?page_id=57","title":{"rendered":"O fundacji"},"content":{"rendered":"<p class=\"naglowek_cz2\"><strong>Misja i cele Fundacji<\/strong><\/p>\n<p>Do g\u0142\u00f3wnych cel\u00f3w Fundacji nale\u017c\u0105:<\/p>\n<ul>\n<li>promocja i wspieranie rozwoju lokalnego i regionalnego,<\/li>\n<li>aktywizacja i mobilizowanie ludno\u015bci do wzi\u0119cia aktywnego udzia\u0142u w procesie rozwoju lokalnego i regionalnego,<\/li>\n<li>wspomaganie rozwoju gospodarczego, w tym rozw\u00f3j przedsi\u0119biorczo\u015bci,<\/li>\n<li>wspomaganie rozwoju wsp\u00f3lnot i spo\u0142eczno\u015bci lokalnych,<\/li>\n<li>rozw\u00f3j obszar\u00f3w wiejskich i rolnictwa,<\/li>\n<li>rozwijanie i umacnianie postaw nastawionych na aktywne wsp\u00f3\u0142dzia\u0142anie w rozwoju spo\u0142ecze\u0144stwa obywatelskiego,<\/li>\n<li>dzia\u0142anie na rzecz integracji europejskiej oraz rozwijania kontakt\u00f3w i wsp\u00f3\u0142pracy krajowej i mi\u0119dzynarodowej.<\/li>\n<\/ul>\n<p class=\"naglowek_cz2\"><strong>Dzia\u0142ania Fundacji<\/strong><\/p>\n<p>G\u0142\u00f3wnymi dzia\u0142aniami Fundacji s\u0105:<\/p>\n<ul>\n<li>umo\u017cliwianie i podejmowanie wszelkich dzia\u0142a\u0144 s\u0142u\u017c\u0105cych rozwojowi obszaru dzia\u0142ania Fundacji,<\/li>\n<li>sporz\u0105dzanie ekspertyz, raport\u00f3w, analiz i innych opracowa\u0144,<\/li>\n<li>organizowanie, prowadzenie i finansowanie prac naukowo-badawczych,<\/li>\n<li>podejmowanie i utrzymywanie kontakt\u00f3w i wsp\u00f3\u0142pracy z organizacjami w Polsce i za granic\u0105,<\/li>\n<li>organizowanie, prowadzenie i finansowanie przedsi\u0119wzi\u0119\u0107 o charakterze informacyjnym i szkoleniowym, w szczeg\u00f3lno\u015bci seminari\u00f3w, szkole\u0144, konferencji, zjazd\u00f3w naukowych i warsztat\u00f3w.<\/li>\n<li>wsp\u00f3\u0142praca i wymiana do\u015bwiadcze\u0144 z podmiotami dzia\u0142aj\u0105cymi w zakresie obj\u0119tym celami Fundacji na poziomie krajowym i mi\u0119dzynarodowym,<\/li>\n<li>pozyskiwanie \u015brodk\u00f3w finansowych pochodz\u0105cych z program\u00f3w i funduszy Unii Europejskiej oraz z innych \u017ar\u00f3de\u0142 pomocowych dla realizacji cel\u00f3w statutowych Fundacji,<\/li>\n<li>wspieranie, inicjowanie i prowadzenie innych dzia\u0142a\u0144 zmierzaj\u0105cych do realizacji cel\u00f3w Fundacji.<\/li>\n<\/ul>\n<p class=\"naglowek_cz2\"><strong>Statut<\/strong><\/p>\n<p><a href=\"https:\/\/www.rozwojlokalny.pl\/wp-content\/uploads\/2020\/02\/Statut-Fundacji-Centrum-Rozwoju-Lokalnego.pdf\">Statut Fundacji Centrum Rozwoju Lokalnego<\/a><\/p>\n<p class=\"naglowek_cz2\"><strong>Zarz\u0105d Fundacji<\/strong><\/p>\n<p><strong>dr Mariusz W. Sienkiewicz &#8211; Prezes Zarz\u0105du <\/strong><\/p>\n<p>e-mail: <a href=\"mail&#116;&#111;&#58;&#109;&#46;&#x73;&#x69;&#x65;&#x6e;&#x6b;&#x69;&#x65;wicz&#64;&#114;&#111;&#122;&#119;&#x6f;&#x6a;&#x6c;&#x6f;&#x6b;&#x61;&#x6c;&#x6e;y&#46;pl\">&#x6d;&#46;&#x73;&#105;e&#x6e;&#107;&#x69;&#x65;w&#x69;&#99;z&#x40;&#114;&#x6f;&#122;w&#x6f;&#106;l&#x6f;&#107;&#x61;&#108;n&#x79;&#46;&#x70;&#x6c;<\/a><\/p>\n<div><a href=\"https:\/\/www.rozwojlokalny.pl\/wp-content\/uploads\/2020\/02\/CV-MARIUSZ-SIENKIEWICZ-2018.pdf\">\u017byciorys zawodowy<\/a><\/p>\n<hr \/>\n<p><img loading=\"lazy\" decoding=\"async\" class=\"alignnone wp-image-60 size-large\" src=\"https:\/\/www.rozwojlokalny.pl\/wp-content\/uploads\/2020\/02\/DSCF8199-1024x768.jpg\" alt=\"\" width=\"1024\" height=\"768\" srcset=\"https:\/\/www.rozwojlokalny.pl\/wp-content\/uploads\/2020\/02\/DSCF8199-1024x768.jpg 1024w, https:\/\/www.rozwojlokalny.pl\/wp-content\/uploads\/2020\/02\/DSCF8199-300x225.jpg 300w, https:\/\/www.rozwojlokalny.pl\/wp-content\/uploads\/2020\/02\/DSCF8199-768x576.jpg 768w, https:\/\/www.rozwojlokalny.pl\/wp-content\/uploads\/2020\/02\/DSCF8199-1536x1152.jpg 1536w, https:\/\/www.rozwojlokalny.pl\/wp-content\/uploads\/2020\/02\/DSCF8199-2048x1536.jpg 2048w\" sizes=\"(max-width: 1024px) 100vw, 1024px\" \/><\/div>\n<div>\n<hr \/>\n<p class=\"naglowek_cz2\"><strong>Rada Fundacji<\/strong><\/p>\n<ul>\n<li><strong>dr Monika Sidor<\/strong> \u2013 Przewodnicz\u0105ca Rady Fundacji<\/li>\n<li><strong>dr Katarzyna Ku\u0107-Czajkowska<\/strong> \u2013 Zast\u0119pca Przewodnicz\u0105cej Rady Fundacji<\/li>\n<\/ul>\n<\/div>\n","protected":false},"excerpt":{"rendered":"<p>Misja i cele Fundacji Do g\u0142\u00f3wnych cel\u00f3w Fundacji nale\u017c\u0105: promocja i wspieranie rozwoju lokalnego i regionalnego, aktywizacja i mobilizowanie ludno\u015bci do wzi\u0119cia aktywnego udzia\u0142u w procesie rozwoju lokalnego i regionalnego, wspomaganie rozwoju gospodarczego, w tym rozw\u00f3j przedsi\u0119biorczo\u015bci, wspomaganie rozwoju wsp\u00f3lnot i spo\u0142eczno\u015bci lokalnych, rozw\u00f3j obszar\u00f3w wiejskich i rolnictwa, rozwijanie i umacnianie postaw nastawionych na aktywne &#8230; <a title=\"O fundacji\" class=\"read-more\" href=\"https:\/\/www.rozwojlokalny.pl\/?page_id=57\" aria-label=\"Read more about O fundacji\">Dowiedz si\u0119 wi\u0119cej<\/a><\/p>\n","protected":false},"author":1,"featured_media":0,"parent":0,"menu_order":0,"comment_status":"closed","ping_status":"closed","template":"","meta":{"footnotes":""},"_links":{"self":[{"href":"https:\/\/www.rozwojlokalny.pl\/index.php?rest_route=\/wp\/v2\/pages\/57"}],"collection":[{"href":"https:\/\/www.rozwojlokalny.pl\/index.php?rest_route=\/wp\/v2\/pages"}],"about":[{"href":"https:\/\/www.rozwojlokalny.pl\/index.php?rest_route=\/wp\/v2\/types\/page"}],"author":[{"embeddable":true,"href":"https:\/\/www.rozwojlokalny.pl\/index.php?rest_route=\/wp\/v2\/users\/1"}],"replies":[{"embeddable":true,"href":"https:\/\/www.rozwojlokalny.pl\/index.php?rest_route=%2Fwp%2Fv2%2Fcomments&post=57"}],"version-history":[{"count":2,"href":"https:\/\/www.rozwojlokalny.pl\/index.php?rest_route=\/wp\/v2\/pages\/57\/revisions"}],"predecessor-version":[{"id":62,"href":"https:\/\/www.rozwojlokalny.pl\/index.php?rest_route=\/wp\/v2\/pages\/57\/revisions\/62"}],"wp:attachment":[{"href":"https:\/\/www.rozwojlokalny.pl\/index.php?rest_route=%2Fwp%2Fv2%2Fmedia&parent=57"}],"curies":[{"name":"wp","href":"https:\/\/api.w.org\/{rel}","templated":true}]}}